{"id":753,"date":"2020-03-11T09:00:54","date_gmt":"2020-03-11T09:00:54","guid":{"rendered":"https:\/\/ghersilaw.com\/?page_id=753"},"modified":"2022-04-05T08:50:44","modified_gmt":"2022-04-05T08:50:44","slug":"le-cabinet","status":"publish","type":"page","link":"https:\/\/ghersilaw.com\/fr\/le-cabinet\/","title":{"rendered":"Le cabinet"},"content":{"rendered":"<p><section class=\"kc-elm kc-css-219418 kc_row\"><div class=\"kc-row-container  kc-container\"><div class=\"kc-wrap-columns\"><div class=\"kc-elm kc-css-543964 kc_col-sm-12 kc_column kc_col-sm-12\"><div class=\"kc-col-container\"><div class=\"kc-elm kc-css-970403\" style=\"height: 55px; clear: both; width:100%;\"><\/div><\/div><\/div><\/div><\/div><\/section><section class=\"kc-elm kc-css-316220 kc_row\"><div class=\"kc-row-container  kc-container\"><div class=\"kc-wrap-columns\"><div class=\"kc-elm kc-css-205786 kc_col-sm-3 kc_column kc_col-sm-3\"><div class=\"kc-col-container\"><div class=\"kc-elm kc-css-353688 kc_shortcode kc_single_image\">\n\n        <img decoding=\"async\" data-src=\"https:\/\/ghersilaw.com\/wp-content\/uploads\/2020\/03\/Progetto-senza-titolo-2.png\" alt=\"\" src=\"data:image\/gif;base64,R0lGODlhAQABAAAAACH5BAEKAAEALAAAAAABAAEAAAICTAEAOw==\" class=\"lazyload\" style=\"--smush-placeholder-width: 250px; --smush-placeholder-aspect-ratio: 250\/350;\" \/><noscript><img decoding=\"async\" src=\"https:\/\/ghersilaw.com\/wp-content\/uploads\/2020\/03\/Progetto-senza-titolo-2.png\" class=\"\" alt=\"\" \/><\/noscript>    <\/div>\n<\/div><\/div><div class=\"kc-elm kc-css-149761 kc_col-sm-8 kc_column kc_col-sm-8\"><div class=\"kc-col-container\"><div class=\"kc-elm kc-css-27388 kc_text_block\"><\/p>\n<p>\nAvocat aux barreaux de Paris et de Trieste (Italie), Agnese Ghersi intervient en droit civil, droit commercial et droit social, tant en conseil qu\u2019en contentieux. Elle assiste ses clients pendant les phases pr\u00e9paratoire et pr\u00e9- contentieuse (analyse du contexte, n\u00e9gociation et r\u00e9daction contractuelle, ex\u00e9cution des obligations, r\u00e9solution amiable de litiges, etc.). Elle appr\u00e9cie les risques l\u00e9gaux et judiciaires de ses clients et les d\u00e9fend devant les diff\u00e9rentes juridictions, fran\u00e7aise ainsi qu&rsquo;italiennes.<\/p>\n<p>\n<\/div><\/div><\/div><\/div><\/div><\/section><section class=\"kc-elm kc-css-21737 kc_row\"><div class=\"kc-row-container  kc-container\"><div class=\"kc-wrap-columns\"><div class=\"kc-elm kc-css-843380 kc_col-sm-12 kc_column kc_col-sm-12\"><div class=\"kc-col-container\"><div class=\"kc-elm kc-css-335731 kc_text_block\"><\/p>\n<p>\nForte de son parcours acad\u00e9mique bi-national et de son exp\u00e9rience professionnelle dans des cabinets d\u2019avocats fran\u00e7ais et internationaux, Agnese Ghersi allie une analyse juridique rigoureuse et approfondie \u00e0 une approche ouverte et transversale, ce que lui permet de trouver des solutions pragmatiques aux probl\u00e8mes, y compris transfrontaliers, rencontr\u00e9s par ses clients. Agnese Ghersi est membre de la Soci\u00e9t\u00e9 de legislation compar\u00e9e.<\/p>\n<p>Impliqu\u00e9e dans la protection animale, elle intervient r\u00e9guli\u00e8rement dans le cadre du droit de l\u2019animal. Elle est membre fondateur de l\u2019association Avocats &amp; Droits de l\u2019animal et membre de la Commission ouverte Droit de l\u2019animal au sein de l\u2019ordre des avocats de Paris.<\/p>\n<p>Agnese Ghersi travaille entre Paris et Trieste, ses langues de travail sont le fran\u00e7ais, l\u2019italien et l\u2019anglais.<\/p>\n<p>\n<\/div><\/div><\/div><\/div><\/div><\/section><section class=\"kc-elm kc-css-381721 kc_row\"><div class=\"kc-row-container  kc-container\"><div class=\"kc-wrap-columns\"><div class=\"kc-elm kc-css-336514 kc_col-sm-12 kc_column kc_col-sm-12\"><div class=\"kc-col-container\"><div class=\"kc-elm kc-css-718308 kc_text_block\"><\/p>\n<h3><strong>FORMATION<\/strong><\/h3>\n<p>2016: Certificat d\u2019attitude \u00e0 la profession d\u2019avocat (CAPA), Ecole de Formation professionnelle des<br \/>\nBarreaux de la Cour d\u2019appel de Paris (France)<br \/>\n2014: Master 2 en Contentieux international et europ\u00e9en, Universit\u00e9 Paris X Nanterre (France)<br \/>\n2013: Master 2 en Droits fran\u00e7ais et italien, Universit\u00e9 Paris I Panth\u00e9on-Sorbonne (France)<br \/>\n2013: Laurea magistrale in Giurisprudenza italo-francese, Universit\u00e0 degli studi di Firenze (Italie)<\/p>\n<p>\n<\/div><\/div><\/div><\/div><\/div><\/section><\/p>\n","protected":false},"excerpt":{"rendered":"","protected":false},"author":1,"featured_media":0,"parent":0,"menu_order":0,"comment_status":"closed","ping_status":"closed","template":"","meta":{"footnotes":""},"class_list":["post-753","page","type-page","status-publish","hentry"],"_links":{"self":[{"href":"https:\/\/ghersilaw.com\/fr\/wp-json\/wp\/v2\/pages\/753","targetHints":{"allow":["GET"]}}],"collection":[{"href":"https:\/\/ghersilaw.com\/fr\/wp-json\/wp\/v2\/pages"}],"about":[{"href":"https:\/\/ghersilaw.com\/fr\/wp-json\/wp\/v2\/types\/page"}],"author":[{"embeddable":true,"href":"https:\/\/ghersilaw.com\/fr\/wp-json\/wp\/v2\/users\/1"}],"replies":[{"embeddable":true,"href":"https:\/\/ghersilaw.com\/fr\/wp-json\/wp\/v2\/comments?post=753"}],"version-history":[{"count":45,"href":"https:\/\/ghersilaw.com\/fr\/wp-json\/wp\/v2\/pages\/753\/revisions"}],"predecessor-version":[{"id":2501,"href":"https:\/\/ghersilaw.com\/fr\/wp-json\/wp\/v2\/pages\/753\/revisions\/2501"}],"wp:attachment":[{"href":"https:\/\/ghersilaw.com\/fr\/wp-json\/wp\/v2\/media?parent=753"}],"curies":[{"name":"wp","href":"https:\/\/api.w.org\/{rel}","templated":true}]}}