{"id":480,"date":"2018-09-12T10:30:02","date_gmt":"2018-09-12T10:30:02","guid":{"rendered":"https:\/\/irs-soft.com\/wp\/regulations\/?page_id=3"},"modified":"2020-03-25T10:25:49","modified_gmt":"2020-03-25T10:25:49","slug":"politique-de-confidentialite","status":"publish","type":"page","link":"https:\/\/ghersilaw.com\/fr\/politique-de-confidentialite\/","title":{"rendered":"Politique de confidentialit\u00e9"},"content":{"rendered":"<section class=\"kc-elm kc-css-874080 kc_row\"><div class=\"kc-row-container  kc-container\"><div class=\"kc-wrap-columns\"><div class=\"kc-elm kc-css-27056 kc_col-sm-12 kc_column kc_col-sm-12\"><div class=\"kc-col-container\"><div class=\"kc-elm kc-css-633109 kc_text_block\"><\/p>\n<p>Lorsque vous naviguez et utilisez notre site internet, le cabinet est amen\u00e9 \u00e0 traiter des donn\u00e9es \u00e0 caract\u00e8re personnel vous concernant, de la mani\u00e8re d\u00e9crite \u00e0 la pr\u00e9sente Politique de confidentialit\u00e9.<\/p>\n<p>Les informations recueillies font l\u2019objet d\u2019un traitement informatique destin\u00e9 \u00e0 r\u00e9pondre aux demandes des internautes et, plus g\u00e9n\u00e9ralement, \u00e0 des fins de gestion administrative et commerciale. Par respect du secret professionnel, toute information est \u00e0 destination unique de l\u2019avocat et de son personnel habilit\u00e9.<\/p>\n<p>Le responsable de traitement de donn\u00e9es \u00e0 caract\u00e8re personnel est Ma\u00eetre Agnese Ghersi, domicili\u00e9e \u00e0 l\u2019adresse 2, rue du Bouloi &#8211; 75001 Paris.&nbsp;<\/p>\n<p>En utilisant le site internet, vous acceptez la collecte et le traitement de vos donn\u00e9es \u00e0 caract\u00e8re personnel de la mani\u00e8re d\u00e9crite dans la pr\u00e9sente Politique de confidentialit\u00e9.<\/p>\n<p>Le cabinet s\u2019engage \u00e0 traiter vos donn\u00e9es personnelles dans le respect des lois et r\u00e8glementations applicables, et en particulier de la Loi n\u00b078-17 du 6 janvier 1978 relative \u00e0 l\u2019informatique, aux fichiers et aux libert\u00e9s et du R\u00e8glement (UE) 2016\/679 \u00ab RGPD \u00bb du Parlement europ\u00e9en et du Conseil du 27 avril 2016 relatif \u00e0 la protection des personnes physiques \u00e0 l\u2019\u00e9gard du traitement des donn\u00e9es \u00e0 caract\u00e8re personnel et \u00e0 la libre circulation de ces donn\u00e9es.<\/p>\n<p>Nous vous invitions \u00e0 lire la pr\u00e9sente Politique de confidentialit\u00e9 dans son int\u00e9gralit\u00e9.&nbsp;Nous sommes disponibles pour r\u00e9pondre \u00e0 vos \u00e9ventuelles questions \u00e0 l&rsquo;adresse&nbsp;<a href=\"mailto:ghersi.agnese@avocat-conseil.fr\">ghersi.agnese@avocat-conseil.fr<\/a>.<\/p>\n<p><span style=\"font-size: 1.125rem;\"><strong>1-<\/strong>&nbsp;<\/span><b style=\"font-size: 1.125rem;\">A quelles activit\u00e9s s\u2019applique la pr\u00e9sente Politique de confidentialit\u00e9&nbsp;?<\/b><\/p>\n<p>La pr\u00e9sente Politique de confidentialit\u00e9 a pour but de vous informer sur la mani\u00e8re dont vos donn\u00e9es personnelles sont susceptibles d\u2019\u00eatre recueillies et trait\u00e9es par le cabinet dans le cadre de votre utilisation de notre site internet, ainsi que des droits dont vous disposez \u00e0 cet \u00e9gard.<\/p>\n<p><span style=\"color: #838383; font-size: 1.125rem;\"><span style=\"color: #000000;\"><strong>2-<\/strong>&nbsp;<b>Quelles donn\u00e9es personnelles collectons-nous&nbsp;?<\/b><\/span><\/span><\/p>\n<p>La pr\u00e9sente Politique de confidentialit\u00e9 s\u2019applique aux donn\u00e9es personnelles que nous sommes susceptibles de recueillir aupr\u00e8s de vous ou \u00e0 votre sujet (telles que d\u00e9finies ci-apr\u00e8s), \u00e0 partir des sources suivantes&nbsp;:<\/p>\n<ul>\n<li><font color=\"#000000\">Navigation sur le site internet&nbsp;;<\/font><\/li>\n<li><font color=\"#000000\">R\u00e9ponse \u00e0 un formulaire de contact ;<\/font><\/li>\n<li><font color=\"#000000\">Candidature pour un stage ou un poste&nbsp;;<\/font><\/li>\n<li><font color=\"#000000\">Abonnement \u00e0 la newsletter du cabinet&nbsp;;<\/font><\/li>\n<li><font color=\"#000000\">Inscription \u00e0 un \u00e9v\u00e9nement organis\u00e9 par le cabinet.<\/font><\/li>\n<\/ul>\n<p>Selon votre utilisation du site internet et des finalit\u00e9s de vos interactions avec le cabinet, nous sommes susceptibles de recueillir diff\u00e9rentes cat\u00e9gories de donn\u00e9es personnelles vous concernant, \u00e0 savoir&nbsp;:<\/p>\n<ul>\n<li><font color=\"#000000\"><strong style=\"\">Des donn\u00e9es d\u2019identification&nbsp;:<\/strong>&nbsp;nom, pr\u00e9nom, adresse e-mail, etc.&nbsp;;<\/font><\/li>\n<li><font color=\"#000000\"><strong>Des donn\u00e9es professionnelles<\/strong>: soci\u00e9t\u00e9, fonction ou poste, statut (particulier ou professionnel), secteur d\u2019activit\u00e9, coordonn\u00e9es professionnelles, Kbis, CNI, donn\u00e9es bancaires, etc.&nbsp;;<\/font><\/li>\n<li><font color=\"#000000\"><strong>Des contenus \u00e0 caract\u00e8re professionnel<\/strong>: le contenu de vos messages, commentaires et interactions avec le cabinet, ainsi que le contenus de vos C.V. et de vos lettres de motivation lorsque vous postulez \u00e0 un poste&nbsp;;<\/font><\/li>\n<li><font color=\"#000000\"><strong>Des donn\u00e9es relatives \u00e0 votre trafic et \u00e0 votre utilisation du site&nbsp;internet<\/strong> : nous vous invitons notamment \u00e0 vous reporter \u00e0 l\u2019article 5 relatifs aux cookies que nous utilisons.<\/font><\/li>\n<li><font color=\"#000000\">Ainsi que toutes autres donn\u00e9es personnelles que vous \u00eates susceptibles de nous communiquez par l\u2019interm\u00e9diaire d\u2019un formulaire disponible sur notre site internet.<\/font><\/li>\n<\/ul>\n<div><span style=\"font-size: 18px;\"><b>&nbsp;<\/b><\/span><\/div>\n<div><span style=\"font-weight: bold; font-size: 1.125rem;\">3- Dans quel but vos donn\u00e9es personnelles sont-elles trait\u00e9es par le cabinet&nbsp;?<\/span><span style=\"font-size: 18px;\"><b><br \/><\/b><\/span><\/div>\n<p>Vos donn\u00e9es personnelles sont collect\u00e9es et trait\u00e9es par le cabinet, en sa qualit\u00e9 de responsable de traitement, afin de&nbsp;:<\/p>\n<ul>\n<li><font color=\"#000000\">R\u00e9pondre aux demandes et prestations que vous sollicitez par le biais du site internet dans le cadre de l\u2019activit\u00e9 du cabinet (inscription \u00e0 la newsletter, demande de devis, etc.) &nbsp;;<\/font><\/li>\n<li><font color=\"#000000\">Satisfaire les int\u00e9r\u00eats l\u00e9gitimes du cabinet, tels que g\u00e9rer la relation commerciale avec ses prospects et clients&nbsp; (r\u00e9pondre \u00e0 une question pos\u00e9e via un formulaire de contact, \u00e9tablir un devis, etc.), organiser des \u00e9v\u00e8nements \u00e0 l\u2019attention de ces derniers, suivre et assurer la s\u00e9curit\u00e9 et le bon fonctionnement du site&nbsp;internet ;<\/font><\/li>\n<li><font color=\"#000000\">Se conformer \u00e0 la loi, aux r\u00e8glements, requ\u00eates et obligations d\u00e9ontologiques qui nous sont applicables.<\/font><\/li>\n<\/ul>\n<p>Nous pouvons \u00e9galement utiliser vos donn\u00e9es personnelles afin de r\u00e9aliser des analyses statistiques.<\/p>\n<p>Lorsque les traitements de donn\u00e9es personnelles sont fond\u00e9s sur les int\u00e9r\u00eats l\u00e9gitimes poursuivis par le cabinet, nous veillons toujours \u00e0 l\u2019\u00e9quilibre de ces traitements avec le respect de votre priv\u00e9e et mettons en \u0153uvre les garanties de protection n\u00e9cessaires \u00e0 cet \u00e9gard.<\/p>\n<p>Certaines de ces donn\u00e9es personnelles sont obligatoires pour nous permettre d\u2019ex\u00e9cuter notre mission et\/ou de nous conformer \u00e0 nos obligations r\u00e9glementaires, l\u00e9gales et d\u00e9ontologiques, ce dont nous vous informerons au moment de leur collecte. Par cons\u00e9quent, si vous d\u00e9cidez de ne pas nous fournir ces donn\u00e9es personnelles, nous ne serons pas en mesure d\u2019ex\u00e9cuter les prestations que vous sollicitez.<\/p>\n<p>Nous pouvons \u00e9galement \u00eatre amen\u00e9s \u00e0 collecter des donn\u00e9es personnelles \u00e0 l\u2019aide de cookies, conform\u00e9ment \u00e0 l\u2019article 5 ci-dessous.<\/p>\n<p><span style=\"color: #838383; font-size: 1.125rem;\"><span style=\"color: #000000;\"><strong>4-<\/strong>&nbsp;<b>Quels sont les destinataires de vos donn\u00e9es ?<\/b><\/span><\/span><\/p>\n<p>Pour les finalit\u00e9s telles que d\u00e9taill\u00e9es \u00e0 l\u2019article 3 ci-dessus, le cabinet est susceptible de partager les donn\u00e9es personnelles avec ses membres et personnels.<\/p>\n<p>Le cabinet peut \u00e9galement partager les donn\u00e9es personnelles avec ses prestataires (notamment nos prestataires techniques intervenant pour les stricts besoins de l\u2019administration technique de notre r\u00e9seau informatique). Lorsque cela est strictement n\u00e9cessaire, le cabinet peut&nbsp; \u00eatre tenu de transmettre les donn\u00e9es personnelles \u00e0 des&nbsp; tiers d\u00e9termin\u00e9s afin de se conformer aux lois, r\u00e8glements et\/ou requ\u00eates.<\/p>\n<p><span style=\"color: #838383; font-size: 1.125rem;\"><span style=\"color: #000000;\"><strong>5-<\/strong>&nbsp;<b>Cookies<\/b><\/span><\/span><\/p>\n<p>L\u2019internaute est inform\u00e9 que, lors de ses visites sur le site, des cookies peuvent s\u2019installer automatiquement via son logiciel de navigation. Un cookie est un ensemble de donn\u00e9es qui ne permet pas d\u2019identifier directement les internautes mais qui sert \u00e0 enregistrer des informations relatives \u00e0 la navigation de ceux-ci sur le site. Le param\u00e9trage du logiciel de navigation permet d\u2019informer de la pr\u00e9sence de cookies et \u00e9ventuellement de les refuser.&nbsp;<\/p>\n<p>Ces cookies ont pour finalit\u00e9 exclusive de permettre ou de faciliter la communication par voie \u00e9lectronique et sont strictement n\u00e9cessaires \u00e0 la fourniture du service de communication en ligne.<\/p>\n<p>L\u2019internaute dispose d\u2019un droit d\u2019opposition, d\u2019acc\u00e8s, de modification et de suppression des donn\u00e9es \u00e0 caract\u00e8re personnel communiqu\u00e9es par le biais des cookies.<\/p>\n<p><span style=\"color: #838383; font-size: 1.125rem;\"><span style=\"color: #000000;\"><strong>6-<\/strong>&nbsp;<b>Pour quelles dur\u00e9es vos donn\u00e9es personnelles sont-elles conserv\u00e9es par le cabinet ?<\/b><\/span><\/span><\/p>\n<p>Vos donn\u00e9es personnelles sont conserv\u00e9es par le cabinet pour les dur\u00e9es n\u00e9cessaires \u00e0 l\u2019accomplissement des finalit\u00e9s d\u00e9crites \u00e0 l\u2019article 4 ci-dessus, sauf dans les cas o\u00f9 (i) vous nous demanderiez de les supprimer avant l\u2019expiration de ce d\u00e9lai, sous r\u00e9serve des conditions impos\u00e9es par la loi applicable, et o\u00f9 (ii) la loi autorise ou exige de les conserver pour une dur\u00e9e sup\u00e9rieure.<\/p>\n<p>A cet \u00e9gard, les donn\u00e9es personnelles n\u00e9cessaires \u00e0 l\u2019ex\u00e9cution de notre mission sont conserv\u00e9es pour une dur\u00e9e de 5 ans \u00e0 compter de la fin de vos relations avec le cabinet. Les donn\u00e9es personnelles utilis\u00e9es dans le cadre du suivi et de l\u2019animation de la relation client et prospect sont conserv\u00e9es pendant 3 ans \u00e0 compter de votre derni\u00e8re interaction avec le cabinet. Les donn\u00e9es li\u00e9es \u00e0 un processus de recrutement sont conserv\u00e9es pour la dur\u00e9e de celui-ci et pour une dur\u00e9e maximale de 2 ans. Enfin, nous utilisons les cookies stock\u00e9s sur votre appareil pour une dur\u00e9e maximale de 13 mois \u00e0 compter de la date \u00e0 laquelle ils ont \u00e9t\u00e9 install\u00e9s ou mis \u00e0 jour.<\/p>\n<p>Toutefois les donn\u00e9es personnelles pourront \u00eatre conserv\u00e9es, exclusivement \u00e0 des fins probatoires, pour une dur\u00e9e sup\u00e9rieure selon les d\u00e9lais de prescription applicables.<\/p>\n<p><span style=\"color: #838383; font-size: 1.125rem;\"><span style=\"color: #000000;\"><strong>7-<\/strong>&nbsp;<b>Quels sont vos droits \u00e0 l\u2019\u00e9gard de vos donn\u00e9es personnelles&nbsp;?<\/b><\/span><\/span><\/p>\n<p>Vous disposez \u00e0 l\u2019\u00e9gard de vos donn\u00e9es personnelles des droits suivants, dans les conditions d\u00e9finies par la Loi n\u00b078-17 du 6 janvier 1978 et le R\u00e8glement (UE) 2016\/679 \u00ab RGPD \u00bb :<\/p>\n<ul>\n<li><font color=\"#000000\">Droit d\u2019acc\u00e8s, de rectification, de limitation, de portabilit\u00e9 et d\u2019effacement ;<\/font><\/li>\n<li><font color=\"#000000\">Droit de vous opposer \u00e0 tout moment, pour des raisons tenant \u00e0 votre situation particuli\u00e8re, \u00e0 un traitement de vos donn\u00e9es personnelles ayant comme fondement juridique l\u2019int\u00e9r\u00eat l\u00e9gitime du cabinet, ainsi que du droit de vous opposer \u00e0 la prospection susceptible d\u2019\u00eatre mise en \u0153uvre par le cabinet (invitation \u00e0 des \u00e9v\u00e8nements, envoi d\u2019actualit\u00e9s, etc.) ;<\/font><\/li>\n<li><font color=\"#000000\">Droit d\u2019introduire une r\u00e9clamation aupr\u00e8s de l\u2019autorit\u00e9 de contr\u00f4le comp\u00e9tente ;<\/font><\/li>\n<li><font color=\"#000000\">Droit de d\u00e9finir des directives g\u00e9n\u00e9rales et particuli\u00e8res d\u00e9finissant la mani\u00e8re dont vous entendez que vos donn\u00e9es personnelles soient trait\u00e9es apr\u00e8s votre d\u00e9c\u00e8s.<\/font><\/li>\n<\/ul>\n<p><span style=\"color: #000000; font-family: -apple-system, BlinkMacSystemFont, Segoe UI, Roboto, Oxygen-Sans, Ubuntu, Cantarell, Helvetica Neue, sans-serif;\"><span style=\"caret-color: #000000;\">&nbsp;<\/span><\/span><\/p>\n<div><span style=\"font-weight: bold; font-size: 1.125rem;\">8- Modification de la Politique de confidentialit\u00e9<\/span><br \/><span style=\"font-size: 16px;\">Le cabinet se r\u00e9serve le droit d\u2019apporter des modifications \u00e0 la Politique de confidentialit\u00e9 \u00e0 tout moment. Vous en serez pr\u00e9alablement avertis par la publication d\u2019une notification sur la page d\u2019accueil du site internet.<\/span><\/div>\n<p>Nous vous encourageons \u00e0 consulter r\u00e9guli\u00e8rement cette page pour prendre connaissance des modifications et rester inform\u00e9s sur les mesures que nous prenons pour prot\u00e9ger vos donn\u00e9es personnelles.<\/p>\n<p><span style=\"color: #838383; font-size: 1.125rem;\"><span style=\"color: #000000;\"><strong>9-&nbsp;<\/strong><b>Comment nous contacter&nbsp;?<\/b><\/span><\/span><\/p>\n<p>Pour exercer ces droits, ou pour toute question \u00e0 l\u2019\u00e9gard des traitements de donn\u00e9es personnelles mis en \u0153uvre par le cabinet, nous vous invitons \u00e0 \u00e9crire un courrier \u00e9lectronique \u00e0 l\u2019adresse <a href=\"mailto:ghersi.agnese@avocat-conseil.fr\">ghersi.agnese@avocat-conseil.fr<\/a>&nbsp; ou par courrier postal \u00e0 l\u2019adresse GhersiLaw 2, rue du Bouloi &#8211; 75001 Paris. Les demandes d\u2019exercice de droits doivent \u00eatre accompagn\u00e9es d\u2019une copie d\u2019un titre d\u2019identit\u00e9 sign\u00e9 de la personne concern\u00e9e.<\/p>\n<p><em>Derni\u00e8re mise \u00e0 jour: 25 mars&nbsp;<\/em><em>2020.<\/em><\/p>\n<p>\n<\/div><\/div><\/div><\/div><\/div><\/section>\n","protected":false},"excerpt":{"rendered":"","protected":false},"author":1,"featured_media":0,"parent":0,"menu_order":0,"comment_status":"closed","ping_status":"open","template":"","meta":{"footnotes":""},"class_list":["post-480","page","type-page","status-publish","hentry"],"_links":{"self":[{"href":"https:\/\/ghersilaw.com\/fr\/wp-json\/wp\/v2\/pages\/480","targetHints":{"allow":["GET"]}}],"collection":[{"href":"https:\/\/ghersilaw.com\/fr\/wp-json\/wp\/v2\/pages"}],"about":[{"href":"https:\/\/ghersilaw.com\/fr\/wp-json\/wp\/v2\/types\/page"}],"author":[{"embeddable":true,"href":"https:\/\/ghersilaw.com\/fr\/wp-json\/wp\/v2\/users\/1"}],"replies":[{"embeddable":true,"href":"https:\/\/ghersilaw.com\/fr\/wp-json\/wp\/v2\/comments?post=480"}],"version-history":[{"count":16,"href":"https:\/\/ghersilaw.com\/fr\/wp-json\/wp\/v2\/pages\/480\/revisions"}],"predecessor-version":[{"id":1603,"href":"https:\/\/ghersilaw.com\/fr\/wp-json\/wp\/v2\/pages\/480\/revisions\/1603"}],"wp:attachment":[{"href":"https:\/\/ghersilaw.com\/fr\/wp-json\/wp\/v2\/media?parent=480"}],"curies":[{"name":"wp","href":"https:\/\/api.w.org\/{rel}","templated":true}]}}