{"id":3,"date":"2020-03-09T12:49:35","date_gmt":"2020-03-09T12:49:35","guid":{"rendered":"http:\/\/ghersilaw.com\/?page_id=3"},"modified":"2020-04-08T15:25:45","modified_gmt":"2020-04-08T15:25:45","slug":"mentions-legales","status":"publish","type":"page","link":"https:\/\/ghersilaw.com\/fr\/mentions-legales\/","title":{"rendered":"Mentions l\u00e9gales"},"content":{"rendered":"<section class=\"kc-elm kc-css-534209 kc_row\"><div class=\"kc-row-container  kc-container\"><div class=\"kc-wrap-columns\"><div class=\"kc-elm kc-css-88363 kc_col-sm-12 kc_column kc_col-sm-12\"><div class=\"kc-col-container\"><div class=\"kc-elm kc-css-225507 kc_text_block\"><\/p>\n<p>\n<strong>1- Le site internet<\/strong><\/p>\n<p>Le site internet http:\/\/www.ghersilaw.com est \u00e9dit\u00e9 par Ma\u00eetre Agnese Ghersi, inscrite au barreau de Paris, domicili\u00e9e \u00e0 2, rue du Bouloi &#8211; 75001 Paris&nbsp;<span style=\"font-style: inherit;\">(France) et \u00e0 Via San Lazzaro, 15 &#8211; 34122 Trieste (Italie)<\/span><span style=\"font-style: inherit;\">; email: <\/span><a style=\"font-style: inherit;\" href=\"mailto:ghersi.agnese@avocat-conseil.fr\">ghersi.agnese@avocat-conseil.fr<\/a><span style=\"font-style: inherit;\">; t\u00e9l\u00e9phone: 06 46 47 61 70.<\/span><\/p>\n<p>Le directeur de publication du site internet est Ma\u00eetre Agnese Ghersi.<\/p>\n<p>L\u2019h\u00e9bergement de ce site est assur\u00e9 par la soci\u00e9t\u00e9 TMDHosting Inc., ayant son si\u00e8ge social \u00e0 16192 Coastal Highway Lewes, DE 19958 United States; t\u00e9l\u00e9phone: +1887715990.<\/p>\n<p>Le pr\u00e9sent site et son contenu sont prot\u00e9g\u00e9s par les droits de propri\u00e9t\u00e9 intellectuelle. Toute reproduction ou repr\u00e9sentation partielle ou int\u00e9grale est interdite.<\/p>\n<p><strong>2- Confidentialit\u00e9<\/strong><\/p>\n<p>Les informations que peut contenir le site ainsi que tout logiciel utilis\u00e9 n\u00e9cessairement en relation avec celui-ci sont confidentielles et prot\u00e9g\u00e9es par le droit de la propri\u00e9t\u00e9 intellectuelle en vigueur ou toute autre loi applicable.<\/p>\n<p><strong>3- Limitation de responsabilit\u00e9<\/strong><\/p>\n<p>GhersiLaw d\u00e9cline toute responsabilit\u00e9 :<\/p>\n<ul>\n<li>Pour toute interruption du site et de ses services;<\/li>\n<li>Pour toute survenance de bogues;<\/li>\n<li>Pour toute inexactitude ou omission portant sur des informations disponibles sur ce site;<\/li>\n<li>Pour tout dommage r\u00e9sultant d\u2019une intrusion frauduleuse d\u2019un tiers ayant entra\u00een\u00e9 une modification des informations mises \u00e0 la disposition sur le site;<\/li>\n<li>Et plus g\u00e9n\u00e9ralement de tout dommage direct ou indirect, quelles qu\u2019en soient les causes, origines, natures ou cons\u00e9quences en ce y compris notamment les pertes de profits, de client\u00e8le, de donn\u00e9es ou tout autre perte de biens incorporels.<\/li>\n<\/ul>\n<p><strong>4- Loi applicable et juridiction comp\u00e9tente<\/strong><\/p>\n<p>Le site et les pr\u00e9sentes conditions sont r\u00e9gis par la loi fran\u00e7aise. Tout litige relatif \u00e0 ce sujet rel\u00e8vera de la comp\u00e9tence exclusive des tribunaux de Paris.<\/p>\n<p>Conform\u00e9ment aux dispositions des articles L. 152-1 et suivants du Code de la consommation, les consommateurs recourant aux services d\u2019un professionnel peuvent solliciter gratuitement un m\u00e9diateur de la Consommation en vue de la r\u00e9solution amiable du litige qui pourrait l\u2019opposer \u00e0 ce professionnel. Les clients remplissant les conditions pour b\u00e9n\u00e9ficier de cette m\u00e9diation peuvent avoir recours au m\u00e9diateur national de la consommation de la profession d\u2019avocat&nbsp;(<a href=\"http:\/\/mediateur-consommation-avocat.fr\">mediateur-consommation-avocat.fr<\/a>).<\/p>\n<p>Les diff\u00e9rends en mati\u00e8re d\u2019honoraires sont exclusivement tranch\u00e9s par le B\u00e2tonnier de l\u2019Ordre des avocats comp\u00e9tent, conform\u00e9ment au R\u00e8glement Int\u00e9rieur de notre Ordre.<\/p>\n<p><strong>5- Modification des pr\u00e9sentes dispositions<\/strong><\/p>\n<p>GhersiLaw se r\u00e9serve le droit de modifier ou de mettre \u00e0 jour les pr\u00e9sentes mentions l\u00e9gales \u00e0 tout moment et sans pr\u00e9avis ; en cons\u00e9quence, il vous est recommand\u00e9 de vous y reporter r\u00e9guli\u00e8rement.<\/p>\n<p><em>Derni\u00e8re mise \u00e0 jour :<\/em>&nbsp;<em>25 mars&nbsp;2020<\/em><\/p>\n<p>\n<\/div><\/div><\/div><\/div><\/div><\/section>\n","protected":false},"excerpt":{"rendered":"","protected":false},"author":1,"featured_media":0,"parent":0,"menu_order":0,"comment_status":"closed","ping_status":"open","template":"","meta":{"footnotes":""},"class_list":["post-3","page","type-page","status-publish","hentry"],"_links":{"self":[{"href":"https:\/\/ghersilaw.com\/fr\/wp-json\/wp\/v2\/pages\/3","targetHints":{"allow":["GET"]}}],"collection":[{"href":"https:\/\/ghersilaw.com\/fr\/wp-json\/wp\/v2\/pages"}],"about":[{"href":"https:\/\/ghersilaw.com\/fr\/wp-json\/wp\/v2\/types\/page"}],"author":[{"embeddable":true,"href":"https:\/\/ghersilaw.com\/fr\/wp-json\/wp\/v2\/users\/1"}],"replies":[{"embeddable":true,"href":"https:\/\/ghersilaw.com\/fr\/wp-json\/wp\/v2\/comments?post=3"}],"version-history":[{"count":20,"href":"https:\/\/ghersilaw.com\/fr\/wp-json\/wp\/v2\/pages\/3\/revisions"}],"predecessor-version":[{"id":2070,"href":"https:\/\/ghersilaw.com\/fr\/wp-json\/wp\/v2\/pages\/3\/revisions\/2070"}],"wp:attachment":[{"href":"https:\/\/ghersilaw.com\/fr\/wp-json\/wp\/v2\/media?parent=3"}],"curies":[{"name":"wp","href":"https:\/\/api.w.org\/{rel}","templated":true}]}}