{"id":1678,"date":"2020-03-31T15:08:31","date_gmt":"2020-03-31T15:08:31","guid":{"rendered":"https:\/\/ghersilaw.com\/?page_id=1678"},"modified":"2022-04-05T08:51:34","modified_gmt":"2022-04-05T08:51:34","slug":"the-firm","status":"publish","type":"page","link":"https:\/\/ghersilaw.com\/en\/the-firm\/","title":{"rendered":"The firm"},"content":{"rendered":"<p><section class=\"kc-elm kc-css-287675 kc_row\"><div class=\"kc-row-container  kc-container\"><div class=\"kc-wrap-columns\"><div class=\"kc-elm kc-css-510352 kc_col-sm-12 kc_column kc_col-sm-12\"><div class=\"kc-col-container\"><div class=\"kc-elm kc-css-688936\" style=\"height: 55px; clear: both; width:100%;\"><\/div><div class=\"kc-elm kc-css-976219 kc_text_block\"><\/p>\n<p><img loading=\"lazy\" decoding=\"async\" class=\"alignleft lazyload\" data-src=\"https:\/\/ghersilaw.com\/wp-content\/uploads\/2020\/04\/Progetto-senza-titolo-2.png\" alt=\"\" width=\"147\" height=\"206\" src=\"data:image\/gif;base64,R0lGODlhAQABAAAAACH5BAEKAAEALAAAAAABAAEAAAICTAEAOw==\" style=\"--smush-placeholder-width: 147px; --smush-placeholder-aspect-ratio: 147\/206;\"><noscript><img loading=\"lazy\" decoding=\"async\" class=\"alignleft\" src=\"https:\/\/ghersilaw.com\/wp-content\/uploads\/2020\/04\/Progetto-senza-titolo-2.png\" alt=\"\" width=\"147\" height=\"206\"><\/noscript>Agnese Ghersi is an attorney at law (\u201c<em>avocat<\/em>\u201d) and member of the Paris Bar (France) and the Trieste Bar (Italy).&nbsp; Her main areas of expertise&nbsp; include civil law, commercial law and labor law. She provides her clients with legal advice and assists them on litigation matters, on national and transnational situations. She intervenes during the preliminary and pre-litigation phases (context analysis, negotiation and drafting of contracts, performance of duties, amicable settlements, etc.). She evaluates the legal and judicial risks of her clients and defends them before the courts, French as well as Italian.<\/p>\n<p>Benefiting from a binational academic background and from previous experiences in major French and international law firms, Agnese Ghersi combines a rigorous and sharp legal analysis skill with an open and transversal approach. This enables her to bring pragmatic solutions to problems, inter alia cross-border matters, encountered by her clients. Agnese Ghersi is member of the <em>Soci\u00e9t\u00e9 de legislation compar\u00e9e<\/em>.&nbsp;<\/p>\n<p>Involved in animal protection, she regularly intervenes in animal law. She is a founding member of the association <em>Avocats &amp; Droits de l\u2019animal <\/em>and a member of the <em>Commission ouverte <\/em>Animal law within the Paris bar.<\/p>\n<p>Agnese Ghersi works in Paris and Trieste, her working languages are French, Italian and English.<\/p>\n<p>\n<\/div><\/div><\/div><\/div><\/div><\/section><section class=\"kc-elm kc-css-733056 kc_row\"><div class=\"kc-row-container  kc-container\"><div class=\"kc-wrap-columns\"><div class=\"kc-elm kc-css-225384 kc_col-sm-12 kc_column kc_col-sm-12\"><div class=\"kc-col-container\"><div class=\"kc-elm kc-css-33792 kc_text_block\"><\/p>\n<h3><strong>EDUCATION<\/strong><\/h3>\n<p>2016: Attorney at law Certificate, Paris Court of appeal Bar School (France)<br \/>2014: Master 2 degree in International and European litigation, University Paris X Nanterre (France)<br \/>2013: Master 2 degree in French and Italian laws, Sorbonne Law School, University Paris I Panth\u00e9on-Sorbonne (France)<br \/>2013: Laurea magistrale in French and Italian laws, University of Florence (Italy)<\/p>\n<p>\n<\/div><\/div><\/div><\/div><\/div><\/section><\/p>\n","protected":false},"excerpt":{"rendered":"","protected":false},"author":1,"featured_media":0,"parent":0,"menu_order":0,"comment_status":"closed","ping_status":"closed","template":"","meta":{"footnotes":""},"class_list":["post-1678","page","type-page","status-publish","hentry"],"_links":{"self":[{"href":"https:\/\/ghersilaw.com\/en\/wp-json\/wp\/v2\/pages\/1678","targetHints":{"allow":["GET"]}}],"collection":[{"href":"https:\/\/ghersilaw.com\/en\/wp-json\/wp\/v2\/pages"}],"about":[{"href":"https:\/\/ghersilaw.com\/en\/wp-json\/wp\/v2\/types\/page"}],"author":[{"embeddable":true,"href":"https:\/\/ghersilaw.com\/en\/wp-json\/wp\/v2\/users\/1"}],"replies":[{"embeddable":true,"href":"https:\/\/ghersilaw.com\/en\/wp-json\/wp\/v2\/comments?post=1678"}],"version-history":[{"count":14,"href":"https:\/\/ghersilaw.com\/en\/wp-json\/wp\/v2\/pages\/1678\/revisions"}],"predecessor-version":[{"id":2502,"href":"https:\/\/ghersilaw.com\/en\/wp-json\/wp\/v2\/pages\/1678\/revisions\/2502"}],"wp:attachment":[{"href":"https:\/\/ghersilaw.com\/en\/wp-json\/wp\/v2\/media?parent=1678"}],"curies":[{"name":"wp","href":"https:\/\/api.w.org\/{rel}","templated":true}]}}